{"id":7,"date":"2025-03-14T15:08:45","date_gmt":"2025-03-14T15:08:45","guid":{"rendered":"https:\/\/tikea.mx\/?page_id=7"},"modified":"2025-03-18T23:06:32","modified_gmt":"2025-03-19T05:06:32","slug":"inicio","status":"publish","type":"page","link":"https:\/\/tikea.mx\/","title":{"rendered":"Inicio"},"content":{"rendered":"\t\t<div data-elementor-type=\"wp-page\" data-elementor-id=\"7\" class=\"elementor elementor-7\" data-elementor-post-type=\"page\">\n\t\t\t\t<div class=\"elementor-element elementor-element-8e20ea2 e-flex e-con-boxed e-con e-parent\" data-id=\"8e20ea2\" data-element_type=\"container\" data-settings=\"{&quot;background_background&quot;:&quot;classic&quot;}\">\n\t\t\t\t\t<div class=\"e-con-inner\">\n\t\t<div class=\"elementor-element elementor-element-3b0d91f e-con-full e-flex e-con e-child\" data-id=\"3b0d91f\" data-element_type=\"container\">\n\t\t\t\t<div class=\"elementor-element elementor-element-1830c6b elementor-hidden-mobile elementor-widget elementor-widget-image\" data-id=\"1830c6b\" data-element_type=\"widget\" data-widget_type=\"image.default\">\n\t\t\t\t<div class=\"elementor-widget-container\">\n\t\t\t\t\t\t\t\t\t\t\t\t\t\t\t<img decoding=\"async\" src=\"https:\/\/tikea.mx\/wp-content\/uploads\/elementor\/thumbs\/logo-blanco-horizontal-r32p55knsfcl3ggr8zcvn74ea16xk99oocjlmwoibs.png\" title=\"logo-blanco-horizontal\" alt=\"logo\" loading=\"lazy\" \/>\t\t\t\t\t\t\t\t\t\t\t\t\t\t\t<\/div>\n\t\t\t\t<\/div>\n\t\t\t\t<div class=\"elementor-element elementor-element-178f2f6 elementor-hidden-desktop elementor-hidden-tablet elementor-widget elementor-widget-image\" data-id=\"178f2f6\" data-element_type=\"widget\" data-widget_type=\"image.default\">\n\t\t\t\t<div class=\"elementor-widget-container\">\n\t\t\t\t\t\t\t\t\t\t\t\t\t\t\t<img decoding=\"async\" src=\"https:\/\/tikea.mx\/wp-content\/uploads\/elementor\/thumbs\/logo-blanco-horizontal-r32p55kmkkk8jxwnzhakt6njarqxldun6ks3sg6j5i.png\" title=\"logo-blanco-horizontal\" alt=\"logo\" loading=\"lazy\" \/>\t\t\t\t\t\t\t\t\t\t\t\t\t\t\t<\/div>\n\t\t\t\t<\/div>\n\t\t\t\t<div class=\"elementor-element elementor-element-cea6575 elementor-widget elementor-widget-heading\" data-id=\"cea6575\" data-element_type=\"widget\" data-widget_type=\"heading.default\">\n\t\t\t\t<div class=\"elementor-widget-container\">\n\t\t\t\t\t<h2 class=\"elementor-heading-title elementor-size-default\">reservas de lujo<br \/>al alcance de tu WhatsApp<\/h2>\t\t\t\t<\/div>\n\t\t\t\t<\/div>\n\t\t\t\t<div class=\"elementor-element elementor-element-691bf3a elementor-widget elementor-widget-text-editor\" data-id=\"691bf3a\" data-element_type=\"widget\" data-widget_type=\"text-editor.default\">\n\t\t\t\t<div class=\"elementor-widget-container\">\n\t\t\t\t\t\t\t\t\t<div class=\"page\" title=\"Page 1\"><div class=\"section\"><div class=\"layoutArea\"><div class=\"column\"><p>La forma ma\u0301s fa\u0301cil de acceder a los mejores restaurantes; bares y eventos exclusivos en Guadalajara.<\/p><\/div><\/div><\/div><\/div>\t\t\t\t\t\t\t\t<\/div>\n\t\t\t\t<\/div>\n\t\t\t\t<\/div>\n\t\t\t\t\t<\/div>\n\t\t\t\t<\/div>\n\t\t<div class=\"elementor-element elementor-element-69f2261 e-flex e-con-boxed e-con e-parent\" data-id=\"69f2261\" data-element_type=\"container\">\n\t\t\t\t\t<div class=\"e-con-inner\">\n\t\t<div class=\"elementor-element elementor-element-0056255 e-con-full e-flex e-con e-child\" data-id=\"0056255\" data-element_type=\"container\" data-settings=\"{&quot;background_background&quot;:&quot;classic&quot;}\">\n\t\t\t\t<div class=\"elementor-element elementor-element-c38fa97 elementor-view-default elementor-position-top elementor-mobile-position-top elementor-widget elementor-widget-icon-box\" data-id=\"c38fa97\" data-element_type=\"widget\" data-widget_type=\"icon-box.default\">\n\t\t\t\t<div class=\"elementor-widget-container\">\n\t\t\t\t\t\t\t<div class=\"elementor-icon-box-wrapper\">\n\n\t\t\t\t\t\t<div class=\"elementor-icon-box-icon\">\n\t\t\t\t<span  class=\"elementor-icon\">\n\t\t\t\t<svg xmlns=\"http:\/\/www.w3.org\/2000\/svg\" id=\"a\" width=\"166\" height=\"232\" viewBox=\"0 0 166 232\"><path d=\"M66.24,130.59h-13.37c-8.61,0-15.58-6.98-15.58-15.58v-62.23h.01c.26-25.29,20.84-45.72,46.19-45.72s45.93,20.42,46.19,45.72h.01v62.23c0,8.61-6.98,15.58-15.58,15.58h-13.92M98.85,37.78c-2.53,2.78-15.18,14.81-44.82,14.99-.38,0-.69.31-.69.68v29.82c0,16.43,12.88,30.32,29.31,30.77,17.04.47,31-13.21,31-30.14v-31.13l-13.78-14.99c-.27-.3-.74-.3-1.01,0Z\" fill=\"none\" stroke=\"#000\" stroke-miterlimit=\"10\" stroke-width=\"8\"><\/path><path d=\"M96.62,111.14c0,22.37,7.74,23.49,8.86,23.78l44.17,11.5c6,1.56,10.19,6.98,10.19,13.19v51.71c0,7.53-6.1,13.63-13.63,13.63H19.78c-7.53,0-13.63-6.1-13.63-13.63v-51.65c0-6.23,4.22-11.67,10.26-13.2l45.34-11.55c1.1-.28,8.59-4.31,8.59-23.77\" fill=\"none\" stroke=\"#000\" stroke-miterlimit=\"10\" stroke-width=\"8\"><\/path><line x1=\"35.82\" y1=\"192.36\" x2=\"35.82\" y2=\"224.45\" fill=\"none\" stroke=\"#000\" stroke-linecap=\"round\" stroke-miterlimit=\"10\" stroke-width=\"8\"><\/line><line x1=\"130.18\" y1=\"192.84\" x2=\"130.18\" y2=\"224.94\" fill=\"none\" stroke=\"#000\" stroke-linecap=\"round\" stroke-miterlimit=\"10\" stroke-width=\"8\"><\/line><polyline points=\"35.82 142.26 35.82 160.26 45.55 167.07 44.58 179.71 74.13 224.94 92.24 224.94 120.45 179.71 120.45 168.04 130.18 160.26 130.18 141.35\" fill=\"none\" stroke=\"#000\" stroke-miterlimit=\"10\" stroke-width=\"8\"><\/polyline><path d=\"M112.67,136.91c0,15.04-13.06,27.24-29.18,27.24s-29.18-12.19-29.18-27.24\" fill=\"none\" stroke=\"#000\" stroke-miterlimit=\"10\" stroke-width=\"8\"><\/path><line x1=\"83.49\" y1=\"224.45\" x2=\"51.39\" y2=\"137.89\" fill=\"none\" stroke=\"#000\" stroke-miterlimit=\"10\" stroke-width=\"8\"><\/line><line x1=\"115.59\" y1=\"137.89\" x2=\"83.49\" y2=\"224.45\" fill=\"none\" stroke=\"#000\" stroke-miterlimit=\"10\" stroke-width=\"8\"><\/line><\/svg>\t\t\t\t<\/span>\n\t\t\t<\/div>\n\t\t\t\n\t\t\t\t\t\t<div class=\"elementor-icon-box-content\">\n\n\t\t\t\t\t\t\t\t\t<h3 class=\"elementor-icon-box-title\">\n\t\t\t\t\t\t<span  >\n\t\t\t\t\t\t\tServicio Personalizado\t\t\t\t\t\t<\/span>\n\t\t\t\t\t<\/h3>\n\t\t\t\t\n\t\t\t\t\t\t\t\t\t<p class=\"elementor-icon-box-description\">\n\t\t\t\t\t\tReserva r\u00e1pida y sencilla a trav\u00e9s de WhatsApp.\t\t\t\t\t<\/p>\n\t\t\t\t\n\t\t\t<\/div>\n\t\t\t\n\t\t<\/div>\n\t\t\t\t\t\t<\/div>\n\t\t\t\t<\/div>\n\t\t\t\t<\/div>\n\t\t<div class=\"elementor-element elementor-element-b427e46 e-con-full e-flex e-con e-child\" data-id=\"b427e46\" data-element_type=\"container\" data-settings=\"{&quot;background_background&quot;:&quot;classic&quot;}\">\n\t\t\t\t<div class=\"elementor-element elementor-element-63009cd elementor-view-default elementor-position-top elementor-mobile-position-top elementor-widget elementor-widget-icon-box\" data-id=\"63009cd\" data-element_type=\"widget\" data-widget_type=\"icon-box.default\">\n\t\t\t\t<div class=\"elementor-widget-container\">\n\t\t\t\t\t\t\t<div class=\"elementor-icon-box-wrapper\">\n\n\t\t\t\t\t\t<div class=\"elementor-icon-box-icon\">\n\t\t\t\t<span  class=\"elementor-icon\">\n\t\t\t\t<svg xmlns=\"http:\/\/www.w3.org\/2000\/svg\" id=\"a\" width=\"166\" height=\"232\" viewBox=\"0 0 166 232\"><polygon points=\"157.56 115.94 138.92 131.05 147.52 153.45 123.81 157.19 120.07 180.9 97.67 172.3 82.56 190.94 67.45 172.3 45.05 180.9 41.31 157.19 17.6 153.45 26.2 131.05 7.56 115.94 26.2 100.83 17.6 78.43 41.31 74.69 45.05 50.98 67.45 59.58 82.56 40.94 97.67 59.58 120.07 50.98 123.81 74.69 147.52 78.43 138.92 100.83 157.56 115.94\" fill=\"none\" stroke=\"#000\" stroke-miterlimit=\"10\" stroke-width=\"8\"><\/polygon><polygon points=\"97.3 118.55 67.82 118.55 65.01 92.57 74.84 101.7 82.56 86.25 90.28 101.7 100.11 92.57 97.3 118.55\" fill=\"none\" stroke=\"#000\" stroke-miterlimit=\"10\" stroke-width=\"6\"><\/polygon><path d=\"M76.53,129.63h4.26l-5.86,16.52h-5.03l-5.86-16.52h4.28l4.09,12.47,4.12-12.47Z\" fill=\"#000\" stroke-width=\"0\"><\/path><path d=\"M82.47,129.63h4.02v16.52h-4.02v-16.52Z\" fill=\"#000\" stroke-width=\"0\"><\/path><path d=\"M95.93,140.22h-2.49v5.93h-4.02v-16.52h6.52c4.05,0,6.07,2.28,6.07,5.32,0,2.73-1.86,5.27-6.07,5.27ZM95.62,137.02c1.6,0,2.28-.8,2.28-2.07s-.68-2.07-2.28-2.07h-2.19v4.14h2.19Z\" fill=\"#000\" stroke-width=\"0\"><\/path><\/svg>\t\t\t\t<\/span>\n\t\t\t<\/div>\n\t\t\t\n\t\t\t\t\t\t<div class=\"elementor-icon-box-content\">\n\n\t\t\t\t\t\t\t\t\t<h3 class=\"elementor-icon-box-title\">\n\t\t\t\t\t\t<span  >\n\t\t\t\t\t\t\tAcceso<br\/>Exclusivo\t\t\t\t\t\t<\/span>\n\t\t\t\t\t<\/h3>\n\t\t\t\t\n\t\t\t\t\t\t\t\t\t<p class=\"elementor-icon-box-description\">\n\t\t\t\t\t\tRestaurantes, bares y eventos premium a tu disposici\u00f3n.\t\t\t\t\t<\/p>\n\t\t\t\t\n\t\t\t<\/div>\n\t\t\t\n\t\t<\/div>\n\t\t\t\t\t\t<\/div>\n\t\t\t\t<\/div>\n\t\t\t\t<\/div>\n\t\t<div class=\"elementor-element elementor-element-0ccf251 e-con-full e-flex e-con e-child\" data-id=\"0ccf251\" data-element_type=\"container\" data-settings=\"{&quot;background_background&quot;:&quot;classic&quot;}\">\n\t\t\t\t<div class=\"elementor-element elementor-element-6615821 elementor-view-default elementor-position-top elementor-mobile-position-top elementor-widget elementor-widget-icon-box\" data-id=\"6615821\" data-element_type=\"widget\" data-widget_type=\"icon-box.default\">\n\t\t\t\t<div class=\"elementor-widget-container\">\n\t\t\t\t\t\t\t<div class=\"elementor-icon-box-wrapper\">\n\n\t\t\t\t\t\t<div class=\"elementor-icon-box-icon\">\n\t\t\t\t<span  class=\"elementor-icon\">\n\t\t\t\t<svg xmlns=\"http:\/\/www.w3.org\/2000\/svg\" id=\"a\" width=\"166\" height=\"232\" viewBox=\"0 0 166 232\"><path d=\"M91.85,138.55l-41.05,22.68c-.15.08-.31-.08-.23-.23l22.68-41.05,41.05-22.68c.15-.08.31.08.23.23l-22.68,41.05Z\" fill=\"none\" stroke=\"#000\" stroke-miterlimit=\"10\" stroke-width=\"8\"><\/path><circle cx=\"83\" cy=\"129.25\" r=\"77\" fill=\"none\" stroke=\"#000\" stroke-miterlimit=\"10\" stroke-width=\"8\"><\/circle><circle cx=\"83\" cy=\"129.25\" r=\"61.5\" fill=\"none\" stroke=\"#000\" stroke-miterlimit=\"10\" stroke-width=\"8\"><\/circle><circle cx=\"83.5\" cy=\"38.75\" r=\"13\" fill=\"none\" stroke=\"#000\" stroke-miterlimit=\"10\" stroke-width=\"8\"><\/circle><line x1=\"83\" y1=\"143.68\" x2=\"83\" y2=\"177.75\" fill=\"none\" stroke=\"#000\" stroke-miterlimit=\"10\" stroke-width=\"8\"><\/line><line x1=\"83\" y1=\"80.75\" x2=\"83\" y2=\"114.82\" fill=\"none\" stroke=\"#000\" stroke-miterlimit=\"10\" stroke-width=\"8\"><\/line><line x1=\"68.57\" y1=\"129.25\" x2=\"34.5\" y2=\"129.25\" fill=\"none\" stroke=\"#000\" stroke-miterlimit=\"10\" stroke-width=\"8\"><\/line><line x1=\"131.5\" y1=\"129.25\" x2=\"97.43\" y2=\"129.25\" fill=\"none\" stroke=\"#000\" stroke-miterlimit=\"10\" stroke-width=\"8\"><\/line><line x1=\"73.7\" y1=\"119.95\" x2=\"48.71\" y2=\"94.96\" fill=\"none\" stroke=\"#000\" stroke-miterlimit=\"10\" stroke-width=\"8\"><\/line><line x1=\"117.29\" y1=\"163.54\" x2=\"92.3\" y2=\"138.55\" fill=\"none\" stroke=\"#000\" stroke-miterlimit=\"10\" stroke-width=\"8\"><\/line><circle cx=\"83.5\" cy=\"129.75\" r=\"3.5\" fill=\"#000\" stroke-width=\"0\"><\/circle><\/svg>\t\t\t\t<\/span>\n\t\t\t<\/div>\n\t\t\t\n\t\t\t\t\t\t<div class=\"elementor-icon-box-content\">\n\n\t\t\t\t\t\t\t\t\t<h3 class=\"elementor-icon-box-title\">\n\t\t\t\t\t\t<span  >\n\t\t\t\t\t\t\tRecomendaciones Personalizadas\t\t\t\t\t\t<\/span>\n\t\t\t\t\t<\/h3>\n\t\t\t\t\n\t\t\t\t\t\t\t\t\t<p class=\"elementor-icon-box-description\">\n\t\t\t\t\t\tTe guiamos hacia las mejores opciones seg\u00fan tus preferencias.\t\t\t\t\t<\/p>\n\t\t\t\t\n\t\t\t<\/div>\n\t\t\t\n\t\t<\/div>\n\t\t\t\t\t\t<\/div>\n\t\t\t\t<\/div>\n\t\t\t\t<\/div>\n\t\t\t\t\t<\/div>\n\t\t\t\t<\/div>\n\t\t<div class=\"elementor-element elementor-element-0c3a79c e-flex e-con-boxed e-con e-parent\" data-id=\"0c3a79c\" data-element_type=\"container\" data-settings=\"{&quot;background_background&quot;:&quot;classic&quot;}\">\n\t\t\t\t\t<div class=\"e-con-inner\">\n\t\t<div class=\"elementor-element elementor-element-0a07cd4 e-con-full e-flex e-con e-child\" data-id=\"0a07cd4\" data-element_type=\"container\">\n\t\t\t\t<div class=\"elementor-element elementor-element-cd3a61e elementor-widget elementor-widget-heading\" data-id=\"cd3a61e\" data-element_type=\"widget\" data-widget_type=\"heading.default\">\n\t\t\t\t<div class=\"elementor-widget-container\">\n\t\t\t\t\t<h2 class=\"elementor-heading-title elementor-size-default\">Propuesta de Valor<\/h2>\t\t\t\t<\/div>\n\t\t\t\t<\/div>\n\t\t\t\t<\/div>\n\t\t<div class=\"elementor-element elementor-element-9206c9c e-con-full e-flex e-con e-child\" data-id=\"9206c9c\" data-element_type=\"container\">\n\t\t<div class=\"elementor-element elementor-element-bd90f52 e-con-full e-flex e-con e-child\" data-id=\"bd90f52\" data-element_type=\"container\">\n\t\t<div class=\"elementor-element elementor-element-0e997c8 e-con-full e-flex e-con e-child\" data-id=\"0e997c8\" data-element_type=\"container\">\n\t\t\t\t<div class=\"elementor-element elementor-element-5b92747 elementor-view-default elementor-position-top elementor-mobile-position-top elementor-widget elementor-widget-icon-box\" data-id=\"5b92747\" data-element_type=\"widget\" data-widget_type=\"icon-box.default\">\n\t\t\t\t<div class=\"elementor-widget-container\">\n\t\t\t\t\t\t\t<div class=\"elementor-icon-box-wrapper\">\n\n\t\t\t\t\t\t<div class=\"elementor-icon-box-icon\">\n\t\t\t\t<span  class=\"elementor-icon\">\n\t\t\t\t<svg aria-hidden=\"true\" class=\"e-font-icon-svg e-far-clock\" viewBox=\"0 0 512 512\" xmlns=\"http:\/\/www.w3.org\/2000\/svg\"><path d=\"M256 8C119 8 8 119 8 256s111 248 248 248 248-111 248-248S393 8 256 8zm0 448c-110.5 0-200-89.5-200-200S145.5 56 256 56s200 89.5 200 200-89.5 200-200 200zm61.8-104.4l-84.9-61.7c-3.1-2.3-4.9-5.9-4.9-9.7V116c0-6.6 5.4-12 12-12h32c6.6 0 12 5.4 12 12v141.7l66.8 48.6c5.4 3.9 6.5 11.4 2.6 16.8L334.6 349c-3.9 5.3-11.4 6.5-16.8 2.6z\"><\/path><\/svg>\t\t\t\t<\/span>\n\t\t\t<\/div>\n\t\t\t\n\t\t\t\t\t\t<div class=\"elementor-icon-box-content\">\n\n\t\t\t\t\t\t\t\t\t<h3 class=\"elementor-icon-box-title\">\n\t\t\t\t\t\t<span  >\n\t\t\t\t\t\t\tAtenci\u00f3n 24\/7\t\t\t\t\t\t<\/span>\n\t\t\t\t\t<\/h3>\n\t\t\t\t\n\t\t\t\t\t\t\t\t\t<p class=\"elementor-icon-box-description\">\n\t\t\t\t\t\tAsesor\u00eda personalizada en tiempo real.\t\t\t\t\t<\/p>\n\t\t\t\t\n\t\t\t<\/div>\n\t\t\t\n\t\t<\/div>\n\t\t\t\t\t\t<\/div>\n\t\t\t\t<\/div>\n\t\t\t\t<\/div>\n\t\t<div class=\"elementor-element elementor-element-58c2621 e-con-full e-flex e-con e-child\" data-id=\"58c2621\" data-element_type=\"container\">\n\t\t\t\t<div class=\"elementor-element elementor-element-f2c88e2 elementor-view-default elementor-position-top elementor-mobile-position-top elementor-widget elementor-widget-icon-box\" data-id=\"f2c88e2\" data-element_type=\"widget\" data-widget_type=\"icon-box.default\">\n\t\t\t\t<div class=\"elementor-widget-container\">\n\t\t\t\t\t\t\t<div class=\"elementor-icon-box-wrapper\">\n\n\t\t\t\t\t\t<div class=\"elementor-icon-box-icon\">\n\t\t\t\t<span  class=\"elementor-icon\">\n\t\t\t\t<svg aria-hidden=\"true\" class=\"e-font-icon-svg e-far-handshake\" viewBox=\"0 0 640 512\" xmlns=\"http:\/\/www.w3.org\/2000\/svg\"><path d=\"M519.2 127.9l-47.6-47.6A56.252 56.252 0 0 0 432 64H205.2c-14.8 0-29.1 5.9-39.6 16.3L118 127.9H0v255.7h64c17.6 0 31.8-14.2 31.9-31.7h9.1l84.6 76.4c30.9 25.1 73.8 25.7 105.6 3.8 12.5 10.8 26 15.9 41.1 15.9 18.2 0 35.3-7.4 48.8-24 22.1 8.7 48.2 2.6 64-16.8l26.2-32.3c5.6-6.9 9.1-14.8 10.9-23h57.9c.1 17.5 14.4 31.7 31.9 31.7h64V127.9H519.2zM48 351.6c-8.8 0-16-7.2-16-16s7.2-16 16-16 16 7.2 16 16c0 8.9-7.2 16-16 16zm390-6.9l-26.1 32.2c-2.8 3.4-7.8 4-11.3 1.2l-23.9-19.4-30 36.5c-6 7.3-15 4.8-18 2.4l-36.8-31.5-15.6 19.2c-13.9 17.1-39.2 19.7-55.3 6.6l-97.3-88H96V175.8h41.9l61.7-61.6c2-.8 3.7-1.5 5.7-2.3H262l-38.7 35.5c-29.4 26.9-31.1 72.3-4.4 101.3 14.8 16.2 61.2 41.2 101.5 4.4l8.2-7.5 108.2 87.8c3.4 2.8 3.9 7.9 1.2 11.3zm106-40.8h-69.2c-2.3-2.8-4.9-5.4-7.7-7.7l-102.7-83.4 12.5-11.4c6.5-6 7-16.1 1-22.6L367 167.1c-6-6.5-16.1-6.9-22.6-1l-55.2 50.6c-9.5 8.7-25.7 9.4-34.6 0-9.3-9.9-8.5-25.1 1.2-33.9l65.6-60.1c7.4-6.8 17-10.5 27-10.5l83.7-.2c2.1 0 4.1.8 5.5 2.3l61.7 61.6H544v128zm48 47.7c-8.8 0-16-7.2-16-16s7.2-16 16-16 16 7.2 16 16c0 8.9-7.2 16-16 16z\"><\/path><\/svg>\t\t\t\t<\/span>\n\t\t\t<\/div>\n\t\t\t\n\t\t\t\t\t\t<div class=\"elementor-icon-box-content\">\n\n\t\t\t\t\t\t\t\t\t<h3 class=\"elementor-icon-box-title\">\n\t\t\t\t\t\t<span  >\n\t\t\t\t\t\t\tAlianzas\t\t\t\t\t\t<\/span>\n\t\t\t\t\t<\/h3>\n\t\t\t\t\n\t\t\t\t\t\t\t\t\t<p class=\"elementor-icon-box-description\">\n\t\t\t\t\t\tLos mejores restaurantes y bares de la ciudad.\t\t\t\t\t<\/p>\n\t\t\t\t\n\t\t\t<\/div>\n\t\t\t\n\t\t<\/div>\n\t\t\t\t\t\t<\/div>\n\t\t\t\t<\/div>\n\t\t\t\t<\/div>\n\t\t\t\t<\/div>\n\t\t<div class=\"elementor-element elementor-element-c915f7f e-con-full e-flex e-con e-child\" data-id=\"c915f7f\" data-element_type=\"container\">\n\t\t<div class=\"elementor-element elementor-element-a38ac23 e-con-full e-flex e-con e-child\" data-id=\"a38ac23\" data-element_type=\"container\">\n\t\t\t\t<div class=\"elementor-element elementor-element-bddf8c7 elementor-view-default elementor-position-top elementor-mobile-position-top elementor-widget elementor-widget-icon-box\" data-id=\"bddf8c7\" data-element_type=\"widget\" data-widget_type=\"icon-box.default\">\n\t\t\t\t<div class=\"elementor-widget-container\">\n\t\t\t\t\t\t\t<div class=\"elementor-icon-box-wrapper\">\n\n\t\t\t\t\t\t<div class=\"elementor-icon-box-icon\">\n\t\t\t\t<span  class=\"elementor-icon\">\n\t\t\t\t<svg aria-hidden=\"true\" class=\"e-font-icon-svg e-fas-ticket-alt\" viewBox=\"0 0 576 512\" xmlns=\"http:\/\/www.w3.org\/2000\/svg\"><path d=\"M128 160h320v192H128V160zm400 96c0 26.51 21.49 48 48 48v96c0 26.51-21.49 48-48 48H48c-26.51 0-48-21.49-48-48v-96c26.51 0 48-21.49 48-48s-21.49-48-48-48v-96c0-26.51 21.49-48 48-48h480c26.51 0 48 21.49 48 48v96c-26.51 0-48 21.49-48 48zm-48-104c0-13.255-10.745-24-24-24H120c-13.255 0-24 10.745-24 24v208c0 13.255 10.745 24 24 24h336c13.255 0 24-10.745 24-24V152z\"><\/path><\/svg>\t\t\t\t<\/span>\n\t\t\t<\/div>\n\t\t\t\n\t\t\t\t\t\t<div class=\"elementor-icon-box-content\">\n\n\t\t\t\t\t\t\t\t\t<h3 class=\"elementor-icon-box-title\">\n\t\t\t\t\t\t<span  >\n\t\t\t\t\t\t\tEventos exclusivos\t\t\t\t\t\t<\/span>\n\t\t\t\t\t<\/h3>\n\t\t\t\t\n\t\t\t\t\t\t\t\t\t<p class=\"elementor-icon-box-description\">\n\t\t\t\t\t\tExperiencias \u00fanicas que no encontrar\u00e1s en otro lugar.\t\t\t\t\t<\/p>\n\t\t\t\t\n\t\t\t<\/div>\n\t\t\t\n\t\t<\/div>\n\t\t\t\t\t\t<\/div>\n\t\t\t\t<\/div>\n\t\t\t\t<\/div>\n\t\t<div class=\"elementor-element elementor-element-4b61c4a e-con-full e-flex e-con e-child\" data-id=\"4b61c4a\" data-element_type=\"container\">\n\t\t\t\t<div class=\"elementor-element elementor-element-fa18b13 elementor-view-default elementor-position-top elementor-mobile-position-top elementor-widget elementor-widget-icon-box\" data-id=\"fa18b13\" data-element_type=\"widget\" data-widget_type=\"icon-box.default\">\n\t\t\t\t<div class=\"elementor-widget-container\">\n\t\t\t\t\t\t\t<div class=\"elementor-icon-box-wrapper\">\n\n\t\t\t\t\t\t<div class=\"elementor-icon-box-icon\">\n\t\t\t\t<span  class=\"elementor-icon\">\n\t\t\t\t<svg aria-hidden=\"true\" class=\"e-font-icon-svg e-far-star\" viewBox=\"0 0 576 512\" xmlns=\"http:\/\/www.w3.org\/2000\/svg\"><path d=\"M528.1 171.5L382 150.2 316.7 17.8c-11.7-23.6-45.6-23.9-57.4 0L194 150.2 47.9 171.5c-26.2 3.8-36.7 36.1-17.7 54.6l105.7 103-25 145.5c-4.5 26.3 23.2 46 46.4 33.7L288 439.6l130.7 68.7c23.2 12.2 50.9-7.4 46.4-33.7l-25-145.5 105.7-103c19-18.5 8.5-50.8-17.7-54.6zM388.6 312.3l23.7 138.4L288 385.4l-124.3 65.3 23.7-138.4-100.6-98 139-20.2 62.2-126 62.2 126 139 20.2-100.6 98z\"><\/path><\/svg>\t\t\t\t<\/span>\n\t\t\t<\/div>\n\t\t\t\n\t\t\t\t\t\t<div class=\"elementor-icon-box-content\">\n\n\t\t\t\t\t\t\t\t\t<h3 class=\"elementor-icon-box-title\">\n\t\t\t\t\t\t<span  >\n\t\t\t\t\t\t\tMembres\u00edas VIP\t\t\t\t\t\t<\/span>\n\t\t\t\t\t<\/h3>\n\t\t\t\t\n\t\t\t\t\t\t\t\t\t<p class=\"elementor-icon-box-description\">\n\t\t\t\t\t\tBeneficios exclusivos para clientes premium.\t\t\t\t\t<\/p>\n\t\t\t\t\n\t\t\t<\/div>\n\t\t\t\n\t\t<\/div>\n\t\t\t\t\t\t<\/div>\n\t\t\t\t<\/div>\n\t\t\t\t<\/div>\n\t\t\t\t<\/div>\n\t\t\t\t<\/div>\n\t\t\t\t\t<\/div>\n\t\t\t\t<\/div>\n\t\t<div class=\"elementor-element elementor-element-0bfeae3 e-flex e-con-boxed e-con e-parent\" data-id=\"0bfeae3\" data-element_type=\"container\">\n\t\t\t\t\t<div class=\"e-con-inner\">\n\t\t\t\t<div class=\"elementor-element elementor-element-46bde45 elementor-widget elementor-widget-heading\" data-id=\"46bde45\" data-element_type=\"widget\" data-widget_type=\"heading.default\">\n\t\t\t\t<div class=\"elementor-widget-container\">\n\t\t\t\t\t<h2 class=\"elementor-heading-title elementor-size-default\">cont\u00e1ctanos y reserva<br \/>una experiencia \u00fanica hoy<\/h2>\t\t\t\t<\/div>\n\t\t\t\t<\/div>\n\t\t\t\t<div class=\"elementor-element elementor-element-07c1ae2 elementor-align-center elementor-widget elementor-widget-button\" data-id=\"07c1ae2\" data-element_type=\"widget\" data-widget_type=\"button.default\">\n\t\t\t\t<div class=\"elementor-widget-container\">\n\t\t\t\t\t\t\t\t\t<div class=\"elementor-button-wrapper\">\n\t\t\t\t\t<a class=\"elementor-button elementor-button-link elementor-size-sm\" href=\"#\">\n\t\t\t\t\t\t<span class=\"elementor-button-content-wrapper\">\n\t\t\t\t\t\t<span class=\"elementor-button-icon\">\n\t\t\t\t<svg aria-hidden=\"true\" class=\"e-font-icon-svg e-fab-whatsapp\" viewBox=\"0 0 448 512\" xmlns=\"http:\/\/www.w3.org\/2000\/svg\"><path d=\"M380.9 97.1C339 55.1 283.2 32 223.9 32c-122.4 0-222 99.6-222 222 0 39.1 10.2 77.3 29.6 111L0 480l117.7-30.9c32.4 17.7 68.9 27 106.1 27h.1c122.3 0 224.1-99.6 224.1-222 0-59.3-25.2-115-67.1-157zm-157 341.6c-33.2 0-65.7-8.9-94-25.7l-6.7-4-69.8 18.3L72 359.2l-4.4-7c-18.5-29.4-28.2-63.3-28.2-98.2 0-101.7 82.8-184.5 184.6-184.5 49.3 0 95.6 19.2 130.4 54.1 34.8 34.9 56.2 81.2 56.1 130.5 0 101.8-84.9 184.6-186.6 184.6zm101.2-138.2c-5.5-2.8-32.8-16.2-37.9-18-5.1-1.9-8.8-2.8-12.5 2.8-3.7 5.6-14.3 18-17.6 21.8-3.2 3.7-6.5 4.2-12 1.4-32.6-16.3-54-29.1-75.5-66-5.7-9.8 5.7-9.1 16.3-30.3 1.8-3.7.9-6.9-.5-9.7-1.4-2.8-12.5-30.1-17.1-41.2-4.5-10.8-9.1-9.3-12.5-9.5-3.2-.2-6.9-.2-10.6-.2-3.7 0-9.7 1.4-14.8 6.9-5.1 5.6-19.4 19-19.4 46.3 0 27.3 19.9 53.7 22.6 57.4 2.8 3.7 39.1 59.7 94.8 83.8 35.2 15.2 49 16.5 66.6 13.9 10.7-1.6 32.8-13.4 37.4-26.4 4.6-13 4.6-24.1 3.2-26.4-1.3-2.5-5-3.9-10.5-6.6z\"><\/path><\/svg>\t\t\t<\/span>\n\t\t\t\t\t\t\t\t\t<span class=\"elementor-button-text\">Reservar ya<\/span>\n\t\t\t\t\t<\/span>\n\t\t\t\t\t<\/a>\n\t\t\t\t<\/div>\n\t\t\t\t\t\t\t\t<\/div>\n\t\t\t\t<\/div>\n\t\t\t\t\t<\/div>\n\t\t\t\t<\/div>\n\t\t\t\t<\/div>\n\t\t","protected":false},"excerpt":{"rendered":"<p>reservas de lujoal alcance de tu WhatsApp La forma ma\u0301s fa\u0301cil de acceder a los mejores restaurantes; bares y eventos exclusivos en Guadalajara. Servicio Personalizado Reserva r\u00e1pida y sencilla a trav\u00e9s de WhatsApp. AccesoExclusivo Restaurantes, bares y eventos premium a tu disposici\u00f3n. Recomendaciones Personalizadas Te guiamos hacia las mejores opciones seg\u00fan tus preferencias. Propuesta de [&hellip;]<\/p>\n","protected":false},"author":1,"featured_media":0,"parent":0,"menu_order":0,"comment_status":"closed","ping_status":"closed","template":"","meta":{"footnotes":""},"class_list":["post-7","page","type-page","status-publish","hentry"],"_links":{"self":[{"href":"https:\/\/tikea.mx\/index.php?rest_route=\/wp\/v2\/pages\/7","targetHints":{"allow":["GET"]}}],"collection":[{"href":"https:\/\/tikea.mx\/index.php?rest_route=\/wp\/v2\/pages"}],"about":[{"href":"https:\/\/tikea.mx\/index.php?rest_route=\/wp\/v2\/types\/page"}],"author":[{"embeddable":true,"href":"https:\/\/tikea.mx\/index.php?rest_route=\/wp\/v2\/users\/1"}],"replies":[{"embeddable":true,"href":"https:\/\/tikea.mx\/index.php?rest_route=%2Fwp%2Fv2%2Fcomments&post=7"}],"version-history":[{"count":37,"href":"https:\/\/tikea.mx\/index.php?rest_route=\/wp\/v2\/pages\/7\/revisions"}],"predecessor-version":[{"id":94,"href":"https:\/\/tikea.mx\/index.php?rest_route=\/wp\/v2\/pages\/7\/revisions\/94"}],"wp:attachment":[{"href":"https:\/\/tikea.mx\/index.php?rest_route=%2Fwp%2Fv2%2Fmedia&parent=7"}],"curies":[{"name":"wp","href":"https:\/\/api.w.org\/{rel}","templated":true}]}}